{"id":3360,"date":"2021-10-11T13:10:57","date_gmt":"2021-10-11T13:10:57","guid":{"rendered":"https:\/\/cymood.com\/web\/colin-young\/"},"modified":"2022-11-09T13:22:38","modified_gmt":"2022-11-09T13:22:38","slug":"colin-young","status":"publish","type":"page","link":"https:\/\/cymood.com\/web\/colin-young\/?lang=it","title":{"rendered":"Colin Young"},"content":{"rendered":"<section class=\"wpb-content-wrapper\"><p>[vc_row unlock_row_content=&#8221;yes&#8221; row_height_percent=&#8221;0&#8243; override_padding=&#8221;yes&#8221; h_padding=&#8221;0&#8243; top_padding=&#8221;6&#8243; bottom_padding=&#8221;2&#8243; overlay_alpha=&#8221;50&#8243; equal_height=&#8221;yes&#8221; gutter_size=&#8221;0&#8243; column_width_percent=&#8221;100&#8243; shift_y=&#8221;0&#8243; z_index=&#8221;0&#8243; uncode_shortcode_id=&#8221;775312&#8243;][vc_column column_width_percent=&#8221;100&#8243; gutter_size=&#8221;3&#8243; overlay_alpha=&#8221;50&#8243; shift_x=&#8221;0&#8243; shift_y=&#8221;0&#8243; shift_y_down=&#8221;0&#8243; z_index=&#8221;0&#8243; medium_width=&#8221;0&#8243; mobile_width=&#8221;0&#8243; width=&#8221;1\/1&#8243; mobile_height=&#8221;340&#8243;][vc_row_inner row_inner_height_percent=&#8221;0&#8243; overlay_alpha=&#8221;50&#8243; gutter_size=&#8221;3&#8243; shift_y=&#8221;0&#8243; z_index=&#8221;0&#8243; uncode_shortcode_id=&#8221;166246&#8243;][vc_column_inner column_width_percent=&#8221;100&#8243; position_vertical=&#8221;middle&#8221; align_horizontal=&#8221;align_center&#8221; gutter_size=&#8221;0&#8243; overlay_alpha=&#8221;50&#8243; shift_x=&#8221;0&#8243; shift_y=&#8221;-2&#8243; shift_y_down=&#8221;0&#8243; z_index=&#8221;0&#8243; medium_width=&#8221;0&#8243; mobile_width=&#8221;0&#8243; width=&#8221;1\/1&#8243; uncode_shortcode_id=&#8221;186489&#8243;][vc_custom_heading text_color=&#8221;color-jevc&#8221; text_size=&#8221;h1&#8243; text_transform=&#8221;uppercase&#8221; uncode_shortcode_id=&#8221;205131&#8243; text_color_type=&#8221;uncode-palette&#8221; el_class=&#8221;gradientText&#8221;]I nostri principi guida[\/vc_custom_heading][\/vc_column_inner][\/vc_row_inner][\/vc_column][\/vc_row][vc_row row_height_percent=&#8221;0&#8243; override_padding=&#8221;yes&#8221; h_padding=&#8221;2&#8243; top_padding=&#8221;0&#8243; bottom_padding=&#8221;3&#8243; overlay_alpha=&#8221;100&#8243; gutter_size=&#8221;3&#8243; column_width_percent=&#8221;100&#8243; shift_y=&#8221;0&#8243; z_index=&#8221;0&#8243; row_height_use_pixel=&#8221;&#8221; uncode_shortcode_id=&#8221;969775&#8243;][vc_column column_width_use_pixel=&#8221;yes&#8221; gutter_size=&#8221;3&#8243; overlay_alpha=&#8221;50&#8243; shift_x=&#8221;0&#8243; shift_y=&#8221;0&#8243; medium_width=&#8221;0&#8243; zoom_width=&#8221;0&#8243; zoom_height=&#8221;0&#8243; column_width_pixel=&#8221;800&#8243;][vc_column_text uncode_shortcode_id=&#8221;636628&#8243;]Perch\u00e9 abbiamo creato il progetto Cy Mood?<br \/>\nE perch\u00e9 \u00e8 nato il personaggio di Colin Young?<br \/>\nColin young \u00e8 la nostra idea di eroe finanziario e Cy Mood \u00e8 lo strumento per vincere nel mondo degli investimenti in criptovalute<br \/>\nSe pensate a come Holliwood ha rappresentato l\u2019investitore come Gordon Gekko, esso era stilizzato come uno squalo avido e predatore, esclusivamente attaccato al denaro e a tutto ci\u00f2 che esso poteva portargli. Quindi potere,sesso e altro denaro. In barba ad ogni cosa, senza preoccuparsi di chi sarebbe passato sotto la sua falce di speculatore senza scrupoli.<br \/>\nQuesta immagine tanto cara ad Hollywood e ai media mainstream \u00e8 una figura esclusivamente negativa che viene a galla ad ogni discesa del mercato e che ormai caratterizza la percezione dell\u2019uomo della strada.<br \/>\nLo speculatore \u00e8 diventato un termine di insulto, di odio, di persona parassita della societ\u00e0. E questo si riverbera nell\u2019azione di guadagnare denaro. Wall Street \u00e8 vista con odio, a volte anche giustamente<br \/>\nMa per coloro che vivono il mondo degli investimenti senza essere gestori di fondi miliardari ma per dare maggiore respiro alle proprie possibilit\u00e0 di spesa , la realt\u00e0 \u00e8 diversa.<\/p>\n<p>Il nostro eroe \u00e8 diverso. Colin \u00e8 diverso.<br \/>\nAbbiamo creato Colin con l\u2019idea che fosse una guida, un esempio a cui ispirarsi e motivarsi.<\/p>\n<p>E\u2019 vero, Colin non esiste.<\/p>\n<p>Ma nemmeno Capitan America, eppure fu una guida per coloro che combattevano il nazismo, sul fronte in una buca innevata nelle Ardenne o a casa, nelle fabbriche a montare ali e cellule di P51.<br \/>\nColin \u00e8 un investitore e uno speculatore, ma Colin rappresenta il buon padre di famiglia che sa che il denaro deve lavorare e non stare fermo in qualche polverosa banca.<br \/>\nNoi crediamo che fare soldi in maniera lecita, sia assolutamente giusto e lodevole. I soldi servono, e chi dice il contrario non ha idea di quello che sta blaterando.<\/p>\n<p>Ma i soldi sono utili solo dove sono utili.<\/p>\n<p>Non posso pagare la ragazza che amo per amarmi, ma posso pagare il miglior chirurgo del mondo per salvare la vita al mio nipotino di 4 anni.[\/vc_column_text][\/vc_column][\/vc_row][vc_row row_height_percent=&#8221;0&#8243; override_padding=&#8221;yes&#8221; h_padding=&#8221;2&#8243; top_padding=&#8221;0&#8243; bottom_padding=&#8221;0&#8243; overlay_alpha=&#8221;100&#8243; gutter_size=&#8221;3&#8243; column_width_percent=&#8221;100&#8243; shift_y=&#8221;0&#8243; z_index=&#8221;0&#8243; row_height_use_pixel=&#8221;&#8221;][vc_column column_width_use_pixel=&#8221;yes&#8221; gutter_size=&#8221;3&#8243; overlay_alpha=&#8221;50&#8243; shift_x=&#8221;0&#8243; shift_y=&#8221;0&#8243; medium_width=&#8221;0&#8243; zoom_width=&#8221;0&#8243; zoom_height=&#8221;0&#8243; width=&#8221;1\/6&#8243;][vc_column_text uncode_shortcode_id=&#8221;208822&#8243;]<\/p>\n<blockquote><p><em>Da grandi conoscenze derivano grandi responsabilit\u00e0<\/em><\/p><\/blockquote>\n<p>[\/vc_column_text][\/vc_column][vc_column column_width_percent=&#8221;100&#8243; gutter_size=&#8221;3&#8243; overlay_alpha=&#8221;50&#8243; shift_x=&#8221;0&#8243; shift_y=&#8221;0&#8243; medium_width=&#8221;0&#8243; zoom_width=&#8221;0&#8243; zoom_height=&#8221;0&#8243; width=&#8221;5\/6&#8243;][vc_single_image media=&#8221;2017&#8243; media_width_percent=&#8221;100&#8243; media_ratio=&#8221;three-two&#8221; alignment=&#8221;right&#8221; uncode_shortcode_id=&#8221;180643&#8243;][\/vc_column][\/vc_row][vc_row row_height_percent=&#8221;0&#8243; override_padding=&#8221;yes&#8221; h_padding=&#8221;2&#8243; top_padding=&#8221;3&#8243; bottom_padding=&#8221;1&#8243; overlay_alpha=&#8221;100&#8243; gutter_size=&#8221;3&#8243; column_width_percent=&#8221;100&#8243; shift_y=&#8221;0&#8243; z_index=&#8221;0&#8243; row_height_use_pixel=&#8221;&#8221; uncode_shortcode_id=&#8221;781842&#8243;][vc_column column_width_use_pixel=&#8221;yes&#8221; gutter_size=&#8221;3&#8243; overlay_alpha=&#8221;50&#8243; shift_x=&#8221;0&#8243; shift_y=&#8221;0&#8243; medium_width=&#8221;0&#8243; zoom_width=&#8221;0&#8243; zoom_height=&#8221;0&#8243; column_width_pixel=&#8221;800&#8243;][vc_column_text uncode_shortcode_id=&#8221;111247&#8243;]Ognuno durante la propria vita sa che la sicurezza economica \u00e8 una gran cosa, quella cosa che ti fa andare a letto tranquillo. Arrivare alla fine del mese con qualche euro in pi\u00f9 sul conto \u00e8 una bella sensazione. Soprattutto perch\u00e9 sappiamo tutti nel profondo, che senza risparmio e senza una base da cui partire, il futuro di una famiglia \u00e8 oscuro come la notte senza luna.<br \/>\nSappiamo quanto \u00e8 difficile fare piani a lungo termine in queste condizioni.<\/p>\n<p>Per questo abbiamo creato Cy Mood e Colin Young.<br \/>\nSpiderman diceva che \u201cda grandi poteri derivano grandi responsabilit\u00e0\u201d e noi vorremmo modificarlo in da grandi conoscenze derivano grandi responsabilit\u00e0.<br \/>\nQuesto guida il nostro team, la responsabilit\u00e0 di diffondere la nostra conoscenza e la nostra esperienza nel mercato crypto.<br \/>\nNegli anni abbiamo visto e vissuto di tutto. Da giornate di gloria alle giornate pi\u00f9 nere, dal terrore di perdere tutto alla gioia di aver fatto un investimento con un ritorno incredibile. Abbiamo vissuto la corsa delle ICO all\u2019odio pi\u00f9 profondo dei media sentendoci trattati come dei criminali.<\/p>\n<p>Siamo stati sull\u2019ottovolante pi\u00f9 di altri, abbiamo avuto la nostra dose di dolore e ferite ma ne siamo usciti migliorati, con una conoscenza e un esperienza che sono insostituibili.<br \/>\nProprio questa conoscenza ed esperienza sono ci\u00f2 che fonda il progetto Cy Mood.[\/vc_column_text][\/vc_column][\/vc_row][vc_row row_height_percent=&#8221;0&#8243; override_padding=&#8221;yes&#8221; h_padding=&#8221;2&#8243; top_padding=&#8221;6&#8243; bottom_padding=&#8221;6&#8243; overlay_alpha=&#8221;50&#8243; equal_height=&#8221;yes&#8221; gutter_size=&#8221;3&#8243; column_width_percent=&#8221;100&#8243; shift_y=&#8221;0&#8243; z_index=&#8221;0&#8243;][vc_column column_width_percent=&#8221;100&#8243; position_vertical=&#8221;middle&#8221; gutter_size=&#8221;3&#8243; overlay_alpha=&#8221;50&#8243; shift_x=&#8221;0&#8243; shift_y=&#8221;0&#8243; shift_y_down=&#8221;0&#8243; z_index=&#8221;0&#8243; medium_width=&#8221;0&#8243; mobile_width=&#8221;0&#8243; width=&#8221;1\/2&#8243;][vc_row_inner row_inner_height_percent=&#8221;0&#8243; overlay_alpha=&#8221;50&#8243; gutter_size=&#8221;2&#8243; shift_y=&#8221;0&#8243; z_index=&#8221;0&#8243;][vc_column_inner column_width_percent=&#8221;100&#8243; gutter_size=&#8221;3&#8243; overlay_alpha=&#8221;50&#8243; shift_x=&#8221;0&#8243; shift_y=&#8221;-2&#8243; shift_y_fixed=&#8221;yes&#8221; shift_y_down=&#8221;0&#8243; z_index=&#8221;0&#8243; medium_width=&#8221;4&#8243; mobile_width=&#8221;4&#8243; width=&#8221;1\/2&#8243;][vc_single_image media=&#8221;1845&#8243; media_width_percent=&#8221;100&#8243; media_ratio=&#8221;nine-sixteen&#8221; uncode_shortcode_id=&#8221;126026&#8243;][\/vc_column_inner][vc_column_inner column_width_percent=&#8221;100&#8243; gutter_size=&#8221;3&#8243; overlay_alpha=&#8221;50&#8243; shift_x=&#8221;0&#8243; shift_y=&#8221;0&#8243; shift_y_fixed=&#8221;yes&#8221; shift_y_down=&#8221;-2&#8243; z_index=&#8221;0&#8243; medium_width=&#8221;4&#8243; mobile_width=&#8221;4&#8243; width=&#8221;1\/2&#8243;][vc_single_image media=&#8221;2693&#8243; media_width_percent=&#8221;100&#8243; media_ratio=&#8221;nine-sixteen&#8221; uncode_shortcode_id=&#8221;204336&#8243;][\/vc_column_inner][\/vc_row_inner][vc_empty_space empty_h=&#8221;5&#8243;][vc_row_inner row_inner_height_percent=&#8221;0&#8243; overlay_alpha=&#8221;50&#8243; gutter_size=&#8221;2&#8243; shift_y=&#8221;0&#8243; z_index=&#8221;0&#8243;][vc_column_inner column_width_percent=&#8221;100&#8243; gutter_size=&#8221;3&#8243; overlay_alpha=&#8221;50&#8243; shift_x=&#8221;0&#8243; shift_y=&#8221;-2&#8243; shift_y_fixed=&#8221;yes&#8221; shift_y_down=&#8221;0&#8243; z_index=&#8221;0&#8243; medium_width=&#8221;4&#8243; mobile_width=&#8221;4&#8243; width=&#8221;1\/2&#8243;][vc_single_image media=&#8221;2943&#8243; media_width_percent=&#8221;100&#8243; media_ratio=&#8221;nine-sixteen&#8221; uncode_shortcode_id=&#8221;735671&#8243;][\/vc_column_inner][vc_column_inner column_width_percent=&#8221;100&#8243; gutter_size=&#8221;3&#8243; overlay_alpha=&#8221;50&#8243; shift_x=&#8221;0&#8243; shift_y=&#8221;0&#8243; shift_y_fixed=&#8221;yes&#8221; shift_y_down=&#8221;-2&#8243; z_index=&#8221;0&#8243; medium_width=&#8221;4&#8243; mobile_width=&#8221;4&#8243; width=&#8221;1\/2&#8243;][vc_single_image media=&#8221;2967&#8243; media_width_percent=&#8221;100&#8243; media_ratio=&#8221;nine-sixteen&#8221; uncode_shortcode_id=&#8221;185783&#8243;][\/vc_column_inner][\/vc_row_inner][\/vc_column][vc_column column_width_percent=&#8221;100&#8243; position_vertical=&#8221;middle&#8221; gutter_size=&#8221;3&#8243; overlay_alpha=&#8221;50&#8243; shift_x=&#8221;0&#8243; shift_y=&#8221;0&#8243; shift_y_down=&#8221;0&#8243; z_index=&#8221;0&#8243; medium_width=&#8221;0&#8243; mobile_width=&#8221;0&#8243; width=&#8221;1\/2&#8243;][vc_custom_heading heading_semantic=&#8221;h3&#8243; uncode_shortcode_id=&#8221;108813&#8243;]Passiamo alle cose pratiche[\/vc_custom_heading][vc_column_text uncode_shortcode_id=&#8221;179108&#8243;]Conoscere il mondo degli investimenti \u00e8 difficile, conoscere il mondo delle criptovalute bene lo \u00e8 ancora di pi\u00f9, perch\u00e9 tutto \u00e8 nuovo e globalizzato, perch\u00e9 \u00e8 infestato di gente che vuole solo truffarti e perch\u00e9 la tecnologia corre velocemente ben pi\u00f9 delle nostre conoscenze.<\/p>\n<p>Sappiamo che questo \u00e8 un percorso fatto di fatica e sudore, con molte delusioni ed errori grossolani. Ma sappiamo altrettanto bene che in fondo al tunnel, li dove vediamo la luce, c\u2019\u00e8 la ricompensa pi\u00f9 grande, c\u2019\u00e8 il motivo per cui abbiamo intrapreso questo percorso accidentato.<\/p>\n<p>Il motivo pu\u00f2 essere il pi\u00f9 disparato, dalla sicurezza economica al realizzare un sogno oppure mettere i tuoi figli in condizioni di essere istruiti nelle migliori scuole del tuo paese.<\/p>\n<p>Con il nostro progetto CY Mood verrai messo in grado di capire questo mondo in maniera semplice ma approfondita.<br \/>\nLa nostra idea \u00e8 pragmatica. Capire come funziona per poi fare. Sbagliando anche,ma combattendo sempre.<br \/>\nAgire e fare qualcosa \u00e8 meglio che stare fermi e sperare che qualcuno risolva i nostri problemi per noi.<br \/>\nUsando i nostri strumenti,sarete in grado di comprendere e migliorare i vostri metodi di trading.<br \/>\nIl mondo degli investimenti \u00e8 come un combattimento, non bisogna mai scendere in campo impreparati e senza il giusto equipaggiamento.<br \/>\nCi piace citare una frase famosa del Generale Schwarzkopf, Comandante in capo delle Forze della Coalizione durante l\u2019operazione Desert Storm, che disse: \u201cpi\u00f9 si suda in tempo di pace, meno si sanguina in guerra\u201d.<\/p>\n<p>Cymood vuole proprio darti questo, preparazione alla base e strumenti per crescere, migliorare e avere un vantaggio competitivo.<\/p>\n<p><strong>Perch\u00e9 Cymood \u00e8 la Soluzione.<\/strong>[\/vc_column_text][\/vc_column][\/vc_row]<\/p>\n<\/section>","protected":false},"excerpt":{"rendered":"<p>[vc_row unlock_row_content=&#8221;yes&#8221; row_height_percent=&#8221;0&#8243; override_padding=&#8221;yes&#8221; h_padding=&#8221;0&#8243; top_padding=&#8221;6&#8243; bottom_padding=&#8221;2&#8243; overlay_alpha=&#8221;50&#8243; equal_height=&#8221;yes&#8221; gutter_size=&#8221;0&#8243; column_width_percent=&#8221;100&#8243; shift_y=&#8221;0&#8243; z_index=&#8221;0&#8243; uncode_shortcode_id=&#8221;775312&#8243;][vc_column column_width_percent=&#8221;100&#8243; gutter_size=&#8221;3&#8243; overlay_alpha=&#8221;50&#8243; shift_x=&#8221;0&#8243; shift_y=&#8221;0&#8243; shift_y_down=&#8221;0&#8243; [&hellip;]<\/p>\n","protected":false},"author":1,"featured_media":0,"parent":0,"menu_order":0,"comment_status":"closed","ping_status":"closed","template":"","meta":{"footnotes":""},"yoast_head":"<!-- This site is optimized with the Yoast SEO plugin v21.3 - https:\/\/yoast.com\/wordpress\/plugins\/seo\/ -->\n<title>Colin Young | CYMood.com<\/title>\n<meta name=\"description\" content=\"Chi \u00e8 Colin Young? Cosa \u00e8 CY Mood? e cosa pu\u00f2 fare per me? Come pu\u00f2 CY Mood aiutarmi nella mia ricerca di libert\u00e0 finanziaria?\" \/>\n<meta name=\"robots\" content=\"index, follow, max-snippet:-1, max-image-preview:large, max-video-preview:-1\" \/>\n<link rel=\"canonical\" href=\"https:\/\/cymood.com\/web\/colin-young\/\" \/>\n<meta property=\"og:locale\" content=\"en_US\" \/>\n<meta property=\"og:type\" content=\"article\" \/>\n<meta property=\"og:title\" content=\"Colin Young - CY Mood\" \/>\n<meta property=\"og:description\" content=\"CY Mood \u00e8 la migliore piattaforma dove trovare informazioni e approfondimenti sul mondo delle criptovalute. Unisciti a Colin Young!\" \/>\n<meta property=\"og:url\" content=\"https:\/\/cymood.com\/web\/colin-young\/?lang=it\" \/>\n<meta property=\"og:site_name\" content=\"CYMood.com\" \/>\n<meta property=\"article:modified_time\" content=\"2022-11-09T13:22:38+00:00\" \/>\n<meta property=\"og:image\" content=\"https:\/\/cymood.com\/web\/wp-content\/uploads\/2022\/11\/cymood-logo-tanga-def-versione-quadrata-mod-01.jpg\" \/>\n\t<meta property=\"og:image:width\" content=\"1482\" \/>\n\t<meta property=\"og:image:height\" content=\"1196\" \/>\n\t<meta property=\"og:image:type\" content=\"image\/jpeg\" \/>\n<meta name=\"twitter:card\" content=\"summary_large_image\" \/>\n<meta name=\"twitter:title\" content=\"Colin Young - CY Mood\" \/>\n<meta name=\"twitter:description\" content=\"CY Mood \u00e8 la migliore piattaforma dove trovare informazioni e approfondimenti sul mondo delle criptovalute. Unisciti a Colin Young!\" \/>\n<meta name=\"twitter:image\" content=\"https:\/\/cymood.com\/web\/wp-content\/uploads\/2022\/11\/cymood-logo-tanga-def-versione-quadrata-mod-01.jpg\" \/>\n<meta name=\"twitter:site\" content=\"@CYm00d\" \/>\n<meta name=\"twitter:label1\" content=\"Est. reading time\" \/>\n\t<meta name=\"twitter:data1\" content=\"5 minutes\" \/>\n<script type=\"application\/ld+json\" class=\"yoast-schema-graph\">{\"@context\":\"https:\/\/schema.org\",\"@graph\":[{\"@type\":\"WebPage\",\"@id\":\"https:\/\/cymood.com\/web\/colin-young\/?lang=it\",\"url\":\"https:\/\/cymood.com\/web\/colin-young\/?lang=it\",\"name\":\"Colin Young | CYMood.com\",\"isPartOf\":{\"@id\":\"https:\/\/cymood.com\/web\/#website\"},\"datePublished\":\"2021-10-11T13:10:57+00:00\",\"dateModified\":\"2022-11-09T13:22:38+00:00\",\"description\":\"Chi \u00e8 Colin Young? Cosa \u00e8 CY Mood? e cosa pu\u00f2 fare per me? Come pu\u00f2 CY Mood aiutarmi nella mia ricerca di libert\u00e0 finanziaria?\",\"breadcrumb\":{\"@id\":\"https:\/\/cymood.com\/web\/colin-young\/?lang=it#breadcrumb\"},\"inLanguage\":\"en-US\",\"potentialAction\":[{\"@type\":\"ReadAction\",\"target\":[\"https:\/\/cymood.com\/web\/colin-young\/?lang=it\"]}]},{\"@type\":\"BreadcrumbList\",\"@id\":\"https:\/\/cymood.com\/web\/colin-young\/?lang=it#breadcrumb\",\"itemListElement\":[{\"@type\":\"ListItem\",\"position\":1,\"name\":\"Home\",\"item\":\"https:\/\/cymood.com\/web\/\"},{\"@type\":\"ListItem\",\"position\":2,\"name\":\"Colin Young\"}]},{\"@type\":\"WebSite\",\"@id\":\"https:\/\/cymood.com\/web\/#website\",\"url\":\"https:\/\/cymood.com\/web\/\",\"name\":\"CYMood.com\",\"description\":\"Your personal crypto analyst\",\"publisher\":{\"@id\":\"https:\/\/cymood.com\/web\/#organization\"},\"potentialAction\":[{\"@type\":\"SearchAction\",\"target\":{\"@type\":\"EntryPoint\",\"urlTemplate\":\"https:\/\/cymood.com\/web\/?s={search_term_string}\"},\"query-input\":\"required name=search_term_string\"}],\"inLanguage\":\"en-US\"},{\"@type\":\"Organization\",\"@id\":\"https:\/\/cymood.com\/web\/#organization\",\"name\":\"CY Mood\",\"url\":\"https:\/\/cymood.com\/web\/\",\"logo\":{\"@type\":\"ImageObject\",\"inLanguage\":\"en-US\",\"@id\":\"https:\/\/cymood.com\/web\/#\/schema\/logo\/image\/\",\"url\":\"https:\/\/cymood.com\/web\/wp-content\/uploads\/2021\/10\/cymood_logo_black.png\",\"contentUrl\":\"https:\/\/cymood.com\/web\/wp-content\/uploads\/2021\/10\/cymood_logo_black.png\",\"width\":782,\"height\":776,\"caption\":\"CY Mood\"},\"image\":{\"@id\":\"https:\/\/cymood.com\/web\/#\/schema\/logo\/image\/\"},\"sameAs\":[\"https:\/\/twitter.com\/CYm00d\",\"https:\/\/www.instagram.com\/cy_lifez\/\",\"https:\/\/www.youtube.com\/channel\/UCOG04R-bfCv6oHF07uJNBYQ\"]}]}<\/script>\n<!-- \/ Yoast SEO plugin. -->","yoast_head_json":{"title":"Colin Young | CYMood.com","description":"Chi \u00e8 Colin Young? Cosa \u00e8 CY Mood? e cosa pu\u00f2 fare per me? Come pu\u00f2 CY Mood aiutarmi nella mia ricerca di libert\u00e0 finanziaria?","robots":{"index":"index","follow":"follow","max-snippet":"max-snippet:-1","max-image-preview":"max-image-preview:large","max-video-preview":"max-video-preview:-1"},"canonical":"https:\/\/cymood.com\/web\/colin-young\/","og_locale":"en_US","og_type":"article","og_title":"Colin Young - CY Mood","og_description":"CY Mood \u00e8 la migliore piattaforma dove trovare informazioni e approfondimenti sul mondo delle criptovalute. Unisciti a Colin Young!","og_url":"https:\/\/cymood.com\/web\/colin-young\/?lang=it","og_site_name":"CYMood.com","article_modified_time":"2022-11-09T13:22:38+00:00","og_image":[{"width":1482,"height":1196,"url":"https:\/\/cymood.com\/web\/wp-content\/uploads\/2022\/11\/cymood-logo-tanga-def-versione-quadrata-mod-01.jpg","type":"image\/jpeg"}],"twitter_card":"summary_large_image","twitter_title":"Colin Young - CY Mood","twitter_description":"CY Mood \u00e8 la migliore piattaforma dove trovare informazioni e approfondimenti sul mondo delle criptovalute. Unisciti a Colin Young!","twitter_image":"https:\/\/cymood.com\/web\/wp-content\/uploads\/2022\/11\/cymood-logo-tanga-def-versione-quadrata-mod-01.jpg","twitter_site":"@CYm00d","twitter_misc":{"Est. reading time":"5 minutes"},"schema":{"@context":"https:\/\/schema.org","@graph":[{"@type":"WebPage","@id":"https:\/\/cymood.com\/web\/colin-young\/?lang=it","url":"https:\/\/cymood.com\/web\/colin-young\/?lang=it","name":"Colin Young | CYMood.com","isPartOf":{"@id":"https:\/\/cymood.com\/web\/#website"},"datePublished":"2021-10-11T13:10:57+00:00","dateModified":"2022-11-09T13:22:38+00:00","description":"Chi \u00e8 Colin Young? Cosa \u00e8 CY Mood? e cosa pu\u00f2 fare per me? Come pu\u00f2 CY Mood aiutarmi nella mia ricerca di libert\u00e0 finanziaria?","breadcrumb":{"@id":"https:\/\/cymood.com\/web\/colin-young\/?lang=it#breadcrumb"},"inLanguage":"en-US","potentialAction":[{"@type":"ReadAction","target":["https:\/\/cymood.com\/web\/colin-young\/?lang=it"]}]},{"@type":"BreadcrumbList","@id":"https:\/\/cymood.com\/web\/colin-young\/?lang=it#breadcrumb","itemListElement":[{"@type":"ListItem","position":1,"name":"Home","item":"https:\/\/cymood.com\/web\/"},{"@type":"ListItem","position":2,"name":"Colin Young"}]},{"@type":"WebSite","@id":"https:\/\/cymood.com\/web\/#website","url":"https:\/\/cymood.com\/web\/","name":"CYMood.com","description":"Your personal crypto analyst","publisher":{"@id":"https:\/\/cymood.com\/web\/#organization"},"potentialAction":[{"@type":"SearchAction","target":{"@type":"EntryPoint","urlTemplate":"https:\/\/cymood.com\/web\/?s={search_term_string}"},"query-input":"required name=search_term_string"}],"inLanguage":"en-US"},{"@type":"Organization","@id":"https:\/\/cymood.com\/web\/#organization","name":"CY Mood","url":"https:\/\/cymood.com\/web\/","logo":{"@type":"ImageObject","inLanguage":"en-US","@id":"https:\/\/cymood.com\/web\/#\/schema\/logo\/image\/","url":"https:\/\/cymood.com\/web\/wp-content\/uploads\/2021\/10\/cymood_logo_black.png","contentUrl":"https:\/\/cymood.com\/web\/wp-content\/uploads\/2021\/10\/cymood_logo_black.png","width":782,"height":776,"caption":"CY Mood"},"image":{"@id":"https:\/\/cymood.com\/web\/#\/schema\/logo\/image\/"},"sameAs":["https:\/\/twitter.com\/CYm00d","https:\/\/www.instagram.com\/cy_lifez\/","https:\/\/www.youtube.com\/channel\/UCOG04R-bfCv6oHF07uJNBYQ"]}]}},"_links":{"self":[{"href":"https:\/\/cymood.com\/web\/wp-json\/wp\/v2\/pages\/3360"}],"collection":[{"href":"https:\/\/cymood.com\/web\/wp-json\/wp\/v2\/pages"}],"about":[{"href":"https:\/\/cymood.com\/web\/wp-json\/wp\/v2\/types\/page"}],"author":[{"embeddable":true,"href":"https:\/\/cymood.com\/web\/wp-json\/wp\/v2\/users\/1"}],"replies":[{"embeddable":true,"href":"https:\/\/cymood.com\/web\/wp-json\/wp\/v2\/comments?post=3360"}],"version-history":[{"count":4,"href":"https:\/\/cymood.com\/web\/wp-json\/wp\/v2\/pages\/3360\/revisions"}],"predecessor-version":[{"id":4548,"href":"https:\/\/cymood.com\/web\/wp-json\/wp\/v2\/pages\/3360\/revisions\/4548"}],"wp:attachment":[{"href":"https:\/\/cymood.com\/web\/wp-json\/wp\/v2\/media?parent=3360"}],"curies":[{"name":"wp","href":"https:\/\/api.w.org\/{rel}","templated":true}]}}